{"id":4892,"date":"2026-03-22T12:59:57","date_gmt":"2026-03-22T12:59:57","guid":{"rendered":"https:\/\/dev.laerkeegefjord.dk\/wordpress\/alkohol-ink-fse\/"},"modified":"2026-03-22T13:03:17","modified_gmt":"2026-03-22T13:03:17","slug":"alkohol-ink","status":"publish","type":"page","link":"https:\/\/dev.laerkeegefjord.dk\/wordpress\/alkohol-ink\/","title":{"rendered":"Alkohol Ink"},"content":{"rendered":"\n<div class=\"wp-block-columns alignwide is-layout-flex wp-container-core-columns-is-layout-28f84493 wp-block-columns-is-layout-flex\">\n\n<div class=\"wp-block-column is-layout-flow wp-block-column-is-layout-flow\">\n\n<p>Den kreative proces med alkohol ink som medie er b\u00e5de dr\u00f8mmende, uforudsigelig og s\u00e5 langt fra b\u00e5de akvarellen og akryl, man n\u00e6sten kan forestille sig. Her er ingen linjer eller konkrete motiver at arbejde ud fra, kun sanselige fortolkniner af verden omkring.<br>Og det er netop grunden til, at jeg elsker at arbejde med den flydende tusch og opleve det n\u00e6rmest meditative ro, som opst\u00e5r, n\u00e5r farverne f\u00e5r lov at flyde sammen, som de vil. Der sker heldige uheld, som ender med at give det enkelte v\u00e6rk den helt rigtige sk\u00e6vhed, der g\u00f8r det sp\u00e6ndende og fuldendt.&nbsp;<\/p>\n\n<\/div>\n\n\n<div class=\"wp-block-column is-layout-flow wp-block-column-is-layout-flow\">\n\n<figure class=\"wp-block-image size-large\"><img loading=\"lazy\" decoding=\"async\" width=\"1280\" height=\"720\" src=\"https:\/\/dev.laerkeegefjord.dk\/wordpress\/wp-content\/uploads\/2021\/04\/Laerke-Egefjord03-1280x720_fotograf-Jesper-Balleby.jpg_ALKOHOL-INK.jpg\" alt=\"\" class=\"wp-image-2727\" srcset=\"https:\/\/dev.laerkeegefjord.dk\/wordpress\/wp-content\/uploads\/2021\/04\/Laerke-Egefjord03-1280x720_fotograf-Jesper-Balleby.jpg_ALKOHOL-INK.jpg 1280w, https:\/\/dev.laerkeegefjord.dk\/wordpress\/wp-content\/uploads\/2021\/04\/Laerke-Egefjord03-1280x720_fotograf-Jesper-Balleby.jpg_ALKOHOL-INK-600x338.jpg 600w, https:\/\/dev.laerkeegefjord.dk\/wordpress\/wp-content\/uploads\/2021\/04\/Laerke-Egefjord03-1280x720_fotograf-Jesper-Balleby.jpg_ALKOHOL-INK-300x169.jpg 300w, https:\/\/dev.laerkeegefjord.dk\/wordpress\/wp-content\/uploads\/2021\/04\/Laerke-Egefjord03-1280x720_fotograf-Jesper-Balleby.jpg_ALKOHOL-INK-1024x576.jpg 1024w, https:\/\/dev.laerkeegefjord.dk\/wordpress\/wp-content\/uploads\/2021\/04\/Laerke-Egefjord03-1280x720_fotograf-Jesper-Balleby.jpg_ALKOHOL-INK-768x432.jpg 768w\" sizes=\"auto, (max-width: 1280px) 100vw, 1280px\" \/><\/figure>\n\n<\/div>\n\n<\/div>\n\n\n\n<hr class=\"wp-block-separator is-style-wide is-style-wide--1\"\/>\n\n\n<div class=\"woocommerce columns-3 \"><div class=\"woocommerce-notices-wrapper\"><\/div><p class=\"woocommerce-result-count\" role=\"alert\" aria-relevant=\"all\" >\n\tShowing all 12 results<\/p>\n<form class=\"woocommerce-ordering\" method=\"get\">\n\t\t<select\n\t\tname=\"orderby\"\n\t\tclass=\"orderby\"\n\t\t\t\t\taria-label=\"Shop order\"\n\t\t\t>\n\t\t\t\t\t<option value=\"menu_order\"  selected='selected'>Default sorting<\/option>\n\t\t\t\t\t<option value=\"popularity\" >Sort by popularity<\/option>\n\t\t\t\t\t<option value=\"date\" >Sort by latest<\/option>\n\t\t\t\t\t<option value=\"price\" >Sort by price: low to high<\/option>\n\t\t\t\t\t<option value=\"price-desc\" >Sort by price: high to low<\/option>\n\t\t\t<\/select>\n\t<input type=\"hidden\" name=\"paged\" value=\"1\" \/>\n\t<\/form>\n<ul class=\"products columns-3\">\n<li class=\"product type-product post-4258 status-publish first outofstock product_cat-alkohol-ink product_cat-malerier has-post-thumbnail shipping-taxable product-type-simple\">\n\t<a href=\"https:\/\/dev.laerkeegefjord.dk\/wordpress\/product\/sommertid\/\" class=\"woocommerce-LoopProduct-link woocommerce-loop-product__link\"><span class=\"laerke-solgt-badge\">Solgt<\/span><img loading=\"lazy\" decoding=\"async\" width=\"478\" height=\"637\" src=\"https:\/\/dev.laerkeegefjord.dk\/wordpress\/wp-content\/uploads\/2023\/07\/0-1.jpg\" class=\"attachment-woocommerce_thumbnail size-woocommerce_thumbnail\" alt=\"Sommertid\" srcset=\"https:\/\/dev.laerkeegefjord.dk\/wordpress\/wp-content\/uploads\/2023\/07\/0-1.jpg 478w, https:\/\/dev.laerkeegefjord.dk\/wordpress\/wp-content\/uploads\/2023\/07\/0-1-225x300.jpg 225w\" sizes=\"auto, (max-width: 478px) 100vw, 478px\" \/><h2 class=\"woocommerce-loop-product__title\">Sommertid<\/h2>\n<\/a><a href=\"https:\/\/dev.laerkeegefjord.dk\/wordpress\/product\/sommertid\/\" aria-describedby=\"woocommerce_loop_add_to_cart_link_describedby_4258\" data-quantity=\"1\" class=\"button wp-element-button product_type_simple\" data-product_id=\"4258\" data-product_sku=\"1978-1-1\" aria-label=\"Read more about &ldquo;Sommertid&rdquo;\" rel=\"nofollow\" data-success_message=\"\">Read more<\/a>\t<span id=\"woocommerce_loop_add_to_cart_link_describedby_4258\" class=\"screen-reader-text\">\n\t\t\t<\/span>\n<\/li>\n<li class=\"product type-product post-3726 status-publish outofstock product_cat-alkohol-ink product_cat-malerier has-post-thumbnail shipping-taxable product-type-simple\">\n\t<a href=\"https:\/\/dev.laerkeegefjord.dk\/wordpress\/product\/studie-af-kal-copy\/\" class=\"woocommerce-LoopProduct-link woocommerce-loop-product__link\"><span class=\"laerke-solgt-badge\">Solgt<\/span><img loading=\"lazy\" decoding=\"async\" width=\"425\" height=\"535\" src=\"https:\/\/dev.laerkeegefjord.dk\/wordpress\/wp-content\/uploads\/2021\/04\/IMG_0699.jpg\" class=\"attachment-woocommerce_thumbnail size-woocommerce_thumbnail\" alt=\"Studie af k\u00e5l\" \/><h2 class=\"woocommerce-loop-product__title\">Studie af k\u00e5l<\/h2>\n<\/a><a href=\"https:\/\/dev.laerkeegefjord.dk\/wordpress\/product\/studie-af-kal-copy\/\" aria-describedby=\"woocommerce_loop_add_to_cart_link_describedby_3726\" data-quantity=\"1\" class=\"button wp-element-button product_type_simple\" data-product_id=\"3726\" data-product_sku=\"1978-1\" aria-label=\"Read more about &ldquo;Studie af k\u00e5l&rdquo;\" rel=\"nofollow\" data-success_message=\"\">Read more<\/a>\t<span id=\"woocommerce_loop_add_to_cart_link_describedby_3726\" class=\"screen-reader-text\">\n\t\t\t<\/span>\n<\/li>\n<li class=\"product type-product post-3721 status-publish last instock product_cat-alkohol-ink product_cat-malerier has-post-thumbnail shipping-taxable purchasable product-type-simple\">\n\t<a href=\"https:\/\/dev.laerkeegefjord.dk\/wordpress\/product\/vinden-suser\/\" class=\"woocommerce-LoopProduct-link woocommerce-loop-product__link\"><img loading=\"lazy\" decoding=\"async\" width=\"592\" height=\"734\" src=\"https:\/\/dev.laerkeegefjord.dk\/wordpress\/wp-content\/uploads\/2022\/09\/0-5.jpg\" class=\"attachment-woocommerce_thumbnail size-woocommerce_thumbnail\" alt=\"Vinden suser\" srcset=\"https:\/\/dev.laerkeegefjord.dk\/wordpress\/wp-content\/uploads\/2022\/09\/0-5.jpg 592w, https:\/\/dev.laerkeegefjord.dk\/wordpress\/wp-content\/uploads\/2022\/09\/0-5-242x300.jpg 242w\" sizes=\"auto, (max-width: 592px) 100vw, 592px\" \/><h2 class=\"woocommerce-loop-product__title\">Vinden suser<\/h2>\n\t<span class=\"price\"><span class=\"woocommerce-Price-amount amount\"><bdi><span class=\"woocommerce-Price-currencySymbol\">kr.<\/span>&nbsp;1.600,00<\/bdi><\/span><\/span>\n<\/a><a href=\"\/wordpress\/wp-json\/wp\/v2\/pages\/4892?add-to-cart=3721\" aria-describedby=\"woocommerce_loop_add_to_cart_link_describedby_3721\" data-quantity=\"1\" class=\"button wp-element-button product_type_simple add_to_cart_button ajax_add_to_cart\" data-product_id=\"3721\" data-product_sku=\"2681-1-1-2-2-1-1-1-1-1-1-1\" aria-label=\"Add to cart: &ldquo;Vinden suser&rdquo;\" rel=\"nofollow\" data-success_message=\"&ldquo;Vinden suser&rdquo; has been added to your cart\" role=\"button\">Add to cart<\/a>\t<span id=\"woocommerce_loop_add_to_cart_link_describedby_3721\" class=\"screen-reader-text\">\n\t\t\t<\/span>\n<\/li>\n<li class=\"product type-product post-3719 status-publish first outofstock product_cat-alkohol-ink product_cat-malerier has-post-thumbnail shipping-taxable product-type-simple\">\n\t<a href=\"https:\/\/dev.laerkeegefjord.dk\/wordpress\/product\/efteraret-lyser-2\/\" class=\"woocommerce-LoopProduct-link woocommerce-loop-product__link\"><span class=\"laerke-solgt-badge\">Solgt<\/span><img loading=\"lazy\" decoding=\"async\" width=\"554\" height=\"734\" src=\"https:\/\/dev.laerkeegefjord.dk\/wordpress\/wp-content\/uploads\/2022\/09\/0-4.jpg\" class=\"attachment-woocommerce_thumbnail size-woocommerce_thumbnail\" alt=\"Efter\u00e5ret lyser\" srcset=\"https:\/\/dev.laerkeegefjord.dk\/wordpress\/wp-content\/uploads\/2022\/09\/0-4.jpg 554w, https:\/\/dev.laerkeegefjord.dk\/wordpress\/wp-content\/uploads\/2022\/09\/0-4-226x300.jpg 226w\" sizes=\"auto, (max-width: 554px) 100vw, 554px\" \/><h2 class=\"woocommerce-loop-product__title\">Efter\u00e5ret lyser<\/h2>\n<\/a><a href=\"https:\/\/dev.laerkeegefjord.dk\/wordpress\/product\/efteraret-lyser-2\/\" aria-describedby=\"woocommerce_loop_add_to_cart_link_describedby_3719\" data-quantity=\"1\" class=\"button wp-element-button product_type_simple\" data-product_id=\"3719\" data-product_sku=\"2681-1-1-1-1-1-1-1-1-1-1-1\" aria-label=\"Read more about &ldquo;Efter\u00e5ret lyser&rdquo;\" rel=\"nofollow\" data-success_message=\"\">Read more<\/a>\t<span id=\"woocommerce_loop_add_to_cart_link_describedby_3719\" class=\"screen-reader-text\">\n\t\t\t<\/span>\n<\/li>\n<li class=\"product type-product post-3717 status-publish instock product_cat-alkohol-ink product_cat-malerier has-post-thumbnail shipping-taxable purchasable product-type-simple\">\n\t<a href=\"https:\/\/dev.laerkeegefjord.dk\/wordpress\/product\/november-2\/\" class=\"woocommerce-LoopProduct-link woocommerce-loop-product__link\"><img loading=\"lazy\" decoding=\"async\" width=\"550\" height=\"734\" src=\"https:\/\/dev.laerkeegefjord.dk\/wordpress\/wp-content\/uploads\/2022\/09\/0-7.jpg\" class=\"attachment-woocommerce_thumbnail size-woocommerce_thumbnail\" alt=\"November\" srcset=\"https:\/\/dev.laerkeegefjord.dk\/wordpress\/wp-content\/uploads\/2022\/09\/0-7.jpg 550w, https:\/\/dev.laerkeegefjord.dk\/wordpress\/wp-content\/uploads\/2022\/09\/0-7-225x300.jpg 225w\" sizes=\"auto, (max-width: 550px) 100vw, 550px\" \/><h2 class=\"woocommerce-loop-product__title\">November<\/h2>\n\t<span class=\"price\"><span class=\"woocommerce-Price-amount amount\"><bdi><span class=\"woocommerce-Price-currencySymbol\">kr.<\/span>&nbsp;1.400,00<\/bdi><\/span><\/span>\n<\/a><a href=\"\/wordpress\/wp-json\/wp\/v2\/pages\/4892?add-to-cart=3717\" aria-describedby=\"woocommerce_loop_add_to_cart_link_describedby_3717\" data-quantity=\"1\" class=\"button wp-element-button product_type_simple add_to_cart_button ajax_add_to_cart\" data-product_id=\"3717\" data-product_sku=\"2681-1-1-2-2-1-2\" aria-label=\"Add to cart: &ldquo;November&rdquo;\" rel=\"nofollow\" data-success_message=\"&ldquo;November&rdquo; has been added to your cart\" role=\"button\">Add to cart<\/a>\t<span id=\"woocommerce_loop_add_to_cart_link_describedby_3717\" class=\"screen-reader-text\">\n\t\t\t<\/span>\n<\/li>\n<li class=\"product type-product post-3460 status-publish last instock product_cat-alkohol-ink product_cat-malerier has-post-thumbnail shipping-taxable purchasable product-type-simple\">\n\t<a href=\"https:\/\/dev.laerkeegefjord.dk\/wordpress\/product\/my-be-valentine\/\" class=\"woocommerce-LoopProduct-link woocommerce-loop-product__link\"><img loading=\"lazy\" decoding=\"async\" width=\"800\" height=\"1067\" src=\"https:\/\/dev.laerkeegefjord.dk\/wordpress\/wp-content\/uploads\/2022\/01\/unnamed-4-scaled.jpg\" class=\"attachment-woocommerce_thumbnail size-woocommerce_thumbnail\" alt=\"My Be Valentine\" \/><h2 class=\"woocommerce-loop-product__title\">My Be Valentine<\/h2>\n\t<span class=\"price\"><span class=\"woocommerce-Price-amount amount\"><bdi><span class=\"woocommerce-Price-currencySymbol\">kr.<\/span>&nbsp;1.400,00<\/bdi><\/span><\/span>\n<\/a><a href=\"\/wordpress\/wp-json\/wp\/v2\/pages\/4892?add-to-cart=3460\" aria-describedby=\"woocommerce_loop_add_to_cart_link_describedby_3460\" data-quantity=\"1\" class=\"button wp-element-button product_type_simple add_to_cart_button ajax_add_to_cart\" data-product_id=\"3460\" data-product_sku=\"2681-1-1-2-2-1-1-1-1-1-1\" aria-label=\"Add to cart: &ldquo;My Be Valentine&rdquo;\" rel=\"nofollow\" data-success_message=\"&ldquo;My Be Valentine&rdquo; has been added to your cart\" role=\"button\">Add to cart<\/a>\t<span id=\"woocommerce_loop_add_to_cart_link_describedby_3460\" class=\"screen-reader-text\">\n\t\t\t<\/span>\n<\/li>\n<li class=\"product type-product post-3403 status-publish first instock product_cat-alkohol-ink product_cat-malerier has-post-thumbnail shipping-taxable purchasable product-type-simple\">\n\t<a href=\"https:\/\/dev.laerkeegefjord.dk\/wordpress\/product\/havbund\/\" class=\"woocommerce-LoopProduct-link woocommerce-loop-product__link\"><img loading=\"lazy\" decoding=\"async\" width=\"800\" height=\"1168\" src=\"https:\/\/dev.laerkeegefjord.dk\/wordpress\/wp-content\/uploads\/2021\/12\/unnamed-scaled-800x1168.jpg\" class=\"attachment-woocommerce_thumbnail size-woocommerce_thumbnail\" alt=\"Havbund\" srcset=\"https:\/\/dev.laerkeegefjord.dk\/wordpress\/wp-content\/uploads\/2021\/12\/unnamed-scaled-800x1168.jpg 800w, https:\/\/dev.laerkeegefjord.dk\/wordpress\/wp-content\/uploads\/2021\/12\/unnamed-scaled-600x876.jpg 600w, https:\/\/dev.laerkeegefjord.dk\/wordpress\/wp-content\/uploads\/2021\/12\/unnamed-205x300.jpg 205w, https:\/\/dev.laerkeegefjord.dk\/wordpress\/wp-content\/uploads\/2021\/12\/unnamed-701x1024.jpg 701w, https:\/\/dev.laerkeegefjord.dk\/wordpress\/wp-content\/uploads\/2021\/12\/unnamed-768x1122.jpg 768w, https:\/\/dev.laerkeegefjord.dk\/wordpress\/wp-content\/uploads\/2021\/12\/unnamed-1052x1536.jpg 1052w, https:\/\/dev.laerkeegefjord.dk\/wordpress\/wp-content\/uploads\/2021\/12\/unnamed-1402x2048.jpg 1402w, https:\/\/dev.laerkeegefjord.dk\/wordpress\/wp-content\/uploads\/2021\/12\/unnamed-scaled.jpg 1753w\" sizes=\"auto, (max-width: 800px) 100vw, 800px\" \/><h2 class=\"woocommerce-loop-product__title\">Havbund<\/h2>\n\t<span class=\"price\"><span class=\"woocommerce-Price-amount amount\"><bdi><span class=\"woocommerce-Price-currencySymbol\">kr.<\/span>&nbsp;1.400,00<\/bdi><\/span><\/span>\n<\/a><a href=\"\/wordpress\/wp-json\/wp\/v2\/pages\/4892?add-to-cart=3403\" aria-describedby=\"woocommerce_loop_add_to_cart_link_describedby_3403\" data-quantity=\"1\" class=\"button wp-element-button product_type_simple add_to_cart_button ajax_add_to_cart\" data-product_id=\"3403\" data-product_sku=\"2681-1-1-2-2-1-1-1\" aria-label=\"Add to cart: &ldquo;Havbund&rdquo;\" rel=\"nofollow\" data-success_message=\"&ldquo;Havbund&rdquo; has been added to your cart\" role=\"button\">Add to cart<\/a>\t<span id=\"woocommerce_loop_add_to_cart_link_describedby_3403\" class=\"screen-reader-text\">\n\t\t\t<\/span>\n<\/li>\n<li class=\"product type-product post-3292 status-publish outofstock product_cat-alkohol-ink product_cat-malerier has-post-thumbnail shipping-taxable product-type-simple\">\n\t<a href=\"https:\/\/dev.laerkeegefjord.dk\/wordpress\/product\/pa-havets-bund\/\" class=\"woocommerce-LoopProduct-link woocommerce-loop-product__link\"><span class=\"laerke-solgt-badge\">Solgt<\/span><img loading=\"lazy\" decoding=\"async\" width=\"800\" height=\"1054\" src=\"https:\/\/dev.laerkeegefjord.dk\/wordpress\/wp-content\/uploads\/2021\/08\/IMG_1046-2-scaled-800x1054.jpg\" class=\"attachment-woocommerce_thumbnail size-woocommerce_thumbnail\" alt=\"P\u00e5 havets bund\" srcset=\"https:\/\/dev.laerkeegefjord.dk\/wordpress\/wp-content\/uploads\/2021\/08\/IMG_1046-2-scaled-800x1054.jpg 800w, https:\/\/dev.laerkeegefjord.dk\/wordpress\/wp-content\/uploads\/2021\/08\/IMG_1046-2-scaled-600x791.jpg 600w, https:\/\/dev.laerkeegefjord.dk\/wordpress\/wp-content\/uploads\/2021\/08\/IMG_1046-2-228x300.jpg 228w, https:\/\/dev.laerkeegefjord.dk\/wordpress\/wp-content\/uploads\/2021\/08\/IMG_1046-2-777x1024.jpg 777w, https:\/\/dev.laerkeegefjord.dk\/wordpress\/wp-content\/uploads\/2021\/08\/IMG_1046-2-768x1012.jpg 768w, https:\/\/dev.laerkeegefjord.dk\/wordpress\/wp-content\/uploads\/2021\/08\/IMG_1046-2-1166x1536.jpg 1166w, https:\/\/dev.laerkeegefjord.dk\/wordpress\/wp-content\/uploads\/2021\/08\/IMG_1046-2-1555x2048.jpg 1555w, https:\/\/dev.laerkeegefjord.dk\/wordpress\/wp-content\/uploads\/2021\/08\/IMG_1046-2-scaled.jpg 1943w\" sizes=\"auto, (max-width: 800px) 100vw, 800px\" \/><h2 class=\"woocommerce-loop-product__title\">P\u00e5 havets bund<\/h2>\n<\/a><a href=\"https:\/\/dev.laerkeegefjord.dk\/wordpress\/product\/pa-havets-bund\/\" aria-describedby=\"woocommerce_loop_add_to_cart_link_describedby_3292\" data-quantity=\"1\" class=\"button wp-element-button product_type_simple\" data-product_id=\"3292\" data-product_sku=\"2681-1-1-2-1\" aria-label=\"Read more about &ldquo;P\u00e5 havets bund&rdquo;\" rel=\"nofollow\" data-success_message=\"\">Read more<\/a>\t<span id=\"woocommerce_loop_add_to_cart_link_describedby_3292\" class=\"screen-reader-text\">\n\t\t\t<\/span>\n<\/li>\n<li class=\"product type-product post-3286 status-publish last outofstock product_cat-alkohol-ink product_cat-malerier has-post-thumbnail shipping-taxable purchasable product-type-simple\">\n\t<a href=\"https:\/\/dev.laerkeegefjord.dk\/wordpress\/product\/hojsommer\/\" class=\"woocommerce-LoopProduct-link woocommerce-loop-product__link\"><span class=\"laerke-solgt-badge\">Solgt<\/span><img loading=\"lazy\" decoding=\"async\" width=\"548\" height=\"730\" src=\"https:\/\/dev.laerkeegefjord.dk\/wordpress\/wp-content\/uploads\/2021\/08\/0-kopi.jpg\" class=\"attachment-woocommerce_thumbnail size-woocommerce_thumbnail\" alt=\"Sommerregn\" \/><h2 class=\"woocommerce-loop-product__title\">Sommerregn<\/h2>\n\t<span class=\"price\"><span class=\"woocommerce-Price-amount amount\"><bdi><span class=\"woocommerce-Price-currencySymbol\">kr.<\/span>&nbsp;2.200,00<\/bdi><\/span><\/span>\n<\/a><a href=\"https:\/\/dev.laerkeegefjord.dk\/wordpress\/product\/hojsommer\/\" aria-describedby=\"woocommerce_loop_add_to_cart_link_describedby_3286\" data-quantity=\"1\" class=\"button wp-element-button product_type_simple\" data-product_id=\"3286\" data-product_sku=\"2681-1-1\" aria-label=\"Read more about &ldquo;Sommerregn&rdquo;\" rel=\"nofollow\" data-success_message=\"\">Read more<\/a>\t<span id=\"woocommerce_loop_add_to_cart_link_describedby_3286\" class=\"screen-reader-text\">\n\t\t\t<\/span>\n<\/li>\n<li class=\"product type-product post-3282 status-publish first outofstock product_cat-alkohol-ink product_cat-malerier has-post-thumbnail shipping-taxable product-type-simple\">\n\t<a href=\"https:\/\/dev.laerkeegefjord.dk\/wordpress\/product\/kaerlighed-2\/\" class=\"woocommerce-LoopProduct-link woocommerce-loop-product__link\"><span class=\"laerke-solgt-badge\">Solgt<\/span><img loading=\"lazy\" decoding=\"async\" width=\"800\" height=\"1067\" src=\"https:\/\/dev.laerkeegefjord.dk\/wordpress\/wp-content\/uploads\/2021\/08\/unnamed-1-scaled-800x1067.jpg\" class=\"attachment-woocommerce_thumbnail size-woocommerce_thumbnail\" alt=\"K\u00e6rlighed\" srcset=\"https:\/\/dev.laerkeegefjord.dk\/wordpress\/wp-content\/uploads\/2021\/08\/unnamed-1-scaled-800x1067.jpg 800w, https:\/\/dev.laerkeegefjord.dk\/wordpress\/wp-content\/uploads\/2021\/08\/unnamed-1-scaled-600x800.jpg 600w, https:\/\/dev.laerkeegefjord.dk\/wordpress\/wp-content\/uploads\/2021\/08\/unnamed-1-225x300.jpg 225w, https:\/\/dev.laerkeegefjord.dk\/wordpress\/wp-content\/uploads\/2021\/08\/unnamed-1-768x1024.jpg 768w, https:\/\/dev.laerkeegefjord.dk\/wordpress\/wp-content\/uploads\/2021\/08\/unnamed-1-1152x1536.jpg 1152w, https:\/\/dev.laerkeegefjord.dk\/wordpress\/wp-content\/uploads\/2021\/08\/unnamed-1-1536x2048.jpg 1536w, https:\/\/dev.laerkeegefjord.dk\/wordpress\/wp-content\/uploads\/2021\/08\/unnamed-1-scaled.jpg 1920w\" sizes=\"auto, (max-width: 800px) 100vw, 800px\" \/><h2 class=\"woocommerce-loop-product__title\">K\u00e6rlighed<\/h2>\n<\/a><a href=\"https:\/\/dev.laerkeegefjord.dk\/wordpress\/product\/kaerlighed-2\/\" aria-describedby=\"woocommerce_loop_add_to_cart_link_describedby_3282\" data-quantity=\"1\" class=\"button wp-element-button product_type_simple\" data-product_id=\"3282\" data-product_sku=\"2681-1-1-1-1-1-1-1-1\" aria-label=\"Read more about &ldquo;K\u00e6rlighed&rdquo;\" rel=\"nofollow\" data-success_message=\"\">Read more<\/a>\t<span id=\"woocommerce_loop_add_to_cart_link_describedby_3282\" class=\"screen-reader-text\">\n\t\t\t<\/span>\n<\/li>\n<li class=\"product type-product post-1781 status-publish instock product_cat-alkohol-ink has-post-thumbnail shipping-taxable purchasable product-type-simple\">\n\t<a href=\"https:\/\/dev.laerkeegefjord.dk\/wordpress\/product\/kan-du-se-elefanten\/\" class=\"woocommerce-LoopProduct-link woocommerce-loop-product__link\"><img loading=\"lazy\" decoding=\"async\" width=\"608\" height=\"960\" src=\"https:\/\/dev.laerkeegefjord.dk\/wordpress\/wp-content\/uploads\/2021\/04\/144816875_10159214193479244_8862545533664802000_n.jpg\" class=\"attachment-woocommerce_thumbnail size-woocommerce_thumbnail\" alt=\"Kan du se elefanten ?\" \/><h2 class=\"woocommerce-loop-product__title\">Kan du se elefanten ?<\/h2>\n\t<span class=\"price\"><span class=\"woocommerce-Price-amount amount\"><bdi><span class=\"woocommerce-Price-currencySymbol\">kr.<\/span>&nbsp;800,00<\/bdi><\/span><\/span>\n<\/a><a href=\"\/wordpress\/wp-json\/wp\/v2\/pages\/4892?add-to-cart=1781\" aria-describedby=\"woocommerce_loop_add_to_cart_link_describedby_1781\" data-quantity=\"1\" class=\"button wp-element-button product_type_simple add_to_cart_button ajax_add_to_cart\" data-product_id=\"1781\" data-product_sku=\"2532\" aria-label=\"Add to cart: &ldquo;Kan du se elefanten ?&rdquo;\" rel=\"nofollow\" data-success_message=\"&ldquo;Kan du se elefanten ?&rdquo; has been added to your cart\" role=\"button\">Add to cart<\/a>\t<span id=\"woocommerce_loop_add_to_cart_link_describedby_1781\" class=\"screen-reader-text\">\n\t\t\t<\/span>\n<\/li>\n<li class=\"product type-product post-1750 status-publish last outofstock product_cat-alkohol-ink product_cat-malerier has-post-thumbnail shipping-taxable product-type-simple\">\n\t<a href=\"https:\/\/dev.laerkeegefjord.dk\/wordpress\/product\/efterar\/\" class=\"woocommerce-LoopProduct-link woocommerce-loop-product__link\"><span class=\"laerke-solgt-badge\">Solgt<\/span><img loading=\"lazy\" decoding=\"async\" width=\"800\" height=\"1067\" src=\"https:\/\/dev.laerkeegefjord.dk\/wordpress\/wp-content\/uploads\/2021\/04\/IMG_8627-scaled-1-800x1067.jpg\" class=\"attachment-woocommerce_thumbnail size-woocommerce_thumbnail\" alt=\"Efter\u00e5r\" srcset=\"https:\/\/dev.laerkeegefjord.dk\/wordpress\/wp-content\/uploads\/2021\/04\/IMG_8627-scaled-1-800x1067.jpg 800w, https:\/\/dev.laerkeegefjord.dk\/wordpress\/wp-content\/uploads\/2021\/04\/IMG_8627-scaled-1-600x800.jpg 600w, https:\/\/dev.laerkeegefjord.dk\/wordpress\/wp-content\/uploads\/2021\/04\/IMG_8627-scaled-1-225x300.jpg 225w, https:\/\/dev.laerkeegefjord.dk\/wordpress\/wp-content\/uploads\/2021\/04\/IMG_8627-scaled-1-768x1024.jpg 768w, https:\/\/dev.laerkeegefjord.dk\/wordpress\/wp-content\/uploads\/2021\/04\/IMG_8627-scaled-1-1152x1536.jpg 1152w, https:\/\/dev.laerkeegefjord.dk\/wordpress\/wp-content\/uploads\/2021\/04\/IMG_8627-scaled-1-1536x2048.jpg 1536w, https:\/\/dev.laerkeegefjord.dk\/wordpress\/wp-content\/uploads\/2021\/04\/IMG_8627-scaled-1.jpg 1920w\" sizes=\"auto, (max-width: 800px) 100vw, 800px\" \/><h2 class=\"woocommerce-loop-product__title\">Efter\u00e5r<\/h2>\n<\/a><a href=\"https:\/\/dev.laerkeegefjord.dk\/wordpress\/product\/efterar\/\" aria-describedby=\"woocommerce_loop_add_to_cart_link_describedby_1750\" data-quantity=\"1\" class=\"button wp-element-button product_type_simple\" data-product_id=\"1750\" data-product_sku=\"2365\" aria-label=\"Read more about &ldquo;Efter\u00e5r&rdquo;\" rel=\"nofollow\" data-success_message=\"\">Read more<\/a>\t<span id=\"woocommerce_loop_add_to_cart_link_describedby_1750\" class=\"screen-reader-text\">\n\t\t\t<\/span>\n<\/li>\n<\/ul>\n<\/div>\n\n","protected":false},"excerpt":{"rendered":"<p>Den kreative proces med alkohol ink som medie er b\u00e5de dr\u00f8mmende, uforudsigelig og s\u00e5 langt fra b\u00e5de akvarellen og akryl, man n\u00e6sten kan forestille sig. Her er ingen linjer eller konkrete motiver at arbejde ud fra, kun sanselige fortolkniner af verden omkring.Og det er netop grunden til, at jeg elsker at arbejde med den flydende [&hellip;]<\/p>\n","protected":false},"author":0,"featured_media":0,"parent":0,"menu_order":0,"comment_status":"closed","ping_status":"closed","template":"","meta":{"_seopress_robots_primary_cat":"","_seopress_titles_title":"","_seopress_titles_desc":"","_seopress_robots_index":"","footnotes":""},"class_list":["post-4892","page","type-page","status-publish","hentry"],"_links":{"self":[{"href":"https:\/\/dev.laerkeegefjord.dk\/wordpress\/wp-json\/wp\/v2\/pages\/4892","targetHints":{"allow":["GET"]}}],"collection":[{"href":"https:\/\/dev.laerkeegefjord.dk\/wordpress\/wp-json\/wp\/v2\/pages"}],"about":[{"href":"https:\/\/dev.laerkeegefjord.dk\/wordpress\/wp-json\/wp\/v2\/types\/page"}],"replies":[{"embeddable":true,"href":"https:\/\/dev.laerkeegefjord.dk\/wordpress\/wp-json\/wp\/v2\/comments?post=4892"}],"version-history":[{"count":1,"href":"https:\/\/dev.laerkeegefjord.dk\/wordpress\/wp-json\/wp\/v2\/pages\/4892\/revisions"}],"predecessor-version":[{"id":4909,"href":"https:\/\/dev.laerkeegefjord.dk\/wordpress\/wp-json\/wp\/v2\/pages\/4892\/revisions\/4909"}],"wp:attachment":[{"href":"https:\/\/dev.laerkeegefjord.dk\/wordpress\/wp-json\/wp\/v2\/media?parent=4892"}],"curies":[{"name":"wp","href":"https:\/\/api.w.org\/{rel}","templated":true}]}}