{"id":4889,"date":"2026-03-22T12:58:27","date_gmt":"2026-03-22T12:58:27","guid":{"rendered":"https:\/\/dev.laerkeegefjord.dk\/wordpress\/akvarel-af-dit-barn-fse\/"},"modified":"2026-03-22T13:03:17","modified_gmt":"2026-03-22T13:03:17","slug":"akvarel-af-dit-barn","status":"publish","type":"page","link":"https:\/\/dev.laerkeegefjord.dk\/wordpress\/akvarel-af-dit-barn\/","title":{"rendered":"Akvarel af dit barn"},"content":{"rendered":"\n<p style=\"text-align: center;\"><em>\u2013 f\u00e5 et personligt &amp; unikt v\u00e6rk af dit barn<\/em><em>\u00a0<\/em><\/p><p style=\"text-align: center;\">Inspireret af den flygtige og legende croquis skaber jeg et intenst kunstv\u00e6rk af dit barn, hvor huden, bev\u00e6gelsen og stemningen flyder sammen i en let og levende akvarel.<\/p><p style=\"text-align: center;\"><em>Perfekt som original og personlig barsels- og d\u00e5bsgave eller et minde for livet til jer selv.<\/em><\/p><p style=\"text-align: center;\">Pris: 2200 kr. inklusiv passepartout &amp; ramme.\u00a0<\/p>\n\n\n\n<div class=\"wp-block-columns is-layout-flex wp-container-core-columns-is-layout-28f84493 wp-block-columns-is-layout-flex\">\n\n<div class=\"wp-block-column is-layout-flow wp-block-column-is-layout-flow\" style=\"flex-basis:50%\">\n\n<figure class=\"wp-block-image size-large\"><img loading=\"lazy\" decoding=\"async\" width=\"1536\" height=\"2014\" src=\"https:\/\/dev.laerkeegefjord.dk\/wordpress\/wp-content\/uploads\/2021\/04\/2-1-d31cb27d.jpeg\" alt=\"\" class=\"wp-image-1458\" srcset=\"https:\/\/dev.laerkeegefjord.dk\/wordpress\/wp-content\/uploads\/2021\/04\/2-1-d31cb27d.jpeg 1536w, https:\/\/dev.laerkeegefjord.dk\/wordpress\/wp-content\/uploads\/2021\/04\/2-1-d31cb27d-600x787.jpeg 600w, https:\/\/dev.laerkeegefjord.dk\/wordpress\/wp-content\/uploads\/2021\/04\/2-1-d31cb27d-229x300.jpeg 229w, https:\/\/dev.laerkeegefjord.dk\/wordpress\/wp-content\/uploads\/2021\/04\/2-1-d31cb27d-781x1024.jpeg 781w, https:\/\/dev.laerkeegefjord.dk\/wordpress\/wp-content\/uploads\/2021\/04\/2-1-d31cb27d-768x1007.jpeg 768w, https:\/\/dev.laerkeegefjord.dk\/wordpress\/wp-content\/uploads\/2021\/04\/2-1-d31cb27d-1171x1536.jpeg 1171w\" sizes=\"auto, (max-width: 1536px) 100vw, 1536px\" \/><\/figure>\n\n\n<\/div>\n\n\n<div class=\"wp-block-column is-layout-flow wp-block-column-is-layout-flow\" style=\"flex-basis:50%\">\n\n<figure class=\"wp-block-image size-large\"><img loading=\"lazy\" decoding=\"async\" width=\"480\" height=\"640\" src=\"https:\/\/dev.laerkeegefjord.dk\/wordpress\/wp-content\/uploads\/2021\/04\/0-6-afbefb05.jpeg\" alt=\"\" class=\"wp-image-1457\" srcset=\"https:\/\/dev.laerkeegefjord.dk\/wordpress\/wp-content\/uploads\/2021\/04\/0-6-afbefb05.jpeg 480w, https:\/\/dev.laerkeegefjord.dk\/wordpress\/wp-content\/uploads\/2021\/04\/0-6-afbefb05-225x300.jpeg 225w\" sizes=\"auto, (max-width: 480px) 100vw, 480px\" \/><\/figure>\n\n\n<\/div>\n\n<\/div>\n\n\n\n<h2 class=\"uk-h2 uk-margin-small uk-text-center\" style=\"text-align: center;\">Udvalgte referencer fra kunder:<\/h2><div class=\"uk-panel uk-margin uk-width-2xlarge uk-margin-auto uk-text-center\"><p style=\"text-align: center;\"><em>\u2019Akvarellerne fra L\u00e6rke blev s\u00e5 flotte \u2013 lige som jeg forestillede mig, de skulle v\u00e6re, nemlig b\u00e5de abstrakte, men alligevel p\u00e5 en m\u00e5de, s\u00e5 jeg tydeligt kunne genkende min sovende baby i sin nest.\u00a0<\/em><em>Akvarellerne vakte stor lykke, da de blev for\u00e6ret til familiemedlemmer som en julegave.<br \/>Det var helt perfekt \u2013 min mor har allerede erkl\u00e6ret, at L\u00e6rke skal igang med penslen igen, n\u00e5r min lillebror f\u00e5r barn\/b\u00f8rn.\u2019<\/em>\u00a0\/ Sabine Aae, K\u00f8benhavn.<\/p><p style=\"text-align: center;\"><em>\u2019Jeg blev s\u00e5 glad, da jeg fandt ud af, at jeg kunne f\u00e5 lavet en akvarel af min lille baby frem for et traditionel portr\u00e6tfoto ! Vi har nu et unikt kunstv\u00e6rk af vores lille pige h\u00e6ngende p\u00e5 v\u00e6ggen, som kan g\u00e5 i arv til hende i dag.\u2019<\/em>\u00a0\/ Anette Hansen, Aarhus.<\/p><\/div>\n\n\n\n<div class=\"wp-block-columns is-layout-flex wp-container-core-columns-is-layout-28f84493 wp-block-columns-is-layout-flex\">\n\n<div class=\"wp-block-column is-layout-flow wp-block-column-is-layout-flow\" style=\"flex-basis:33%\">\n\n<figure class=\"wp-block-image size-large\"><img loading=\"lazy\" decoding=\"async\" width=\"768\" height=\"960\" src=\"https:\/\/dev.laerkeegefjord.dk\/wordpress\/wp-content\/uploads\/2021\/04\/52313901_631300743969661_1752684954162036736_o-1-c41f5ec3.jpeg\" alt=\"\" class=\"wp-image-1456\" srcset=\"https:\/\/dev.laerkeegefjord.dk\/wordpress\/wp-content\/uploads\/2021\/04\/52313901_631300743969661_1752684954162036736_o-1-c41f5ec3.jpeg 768w, https:\/\/dev.laerkeegefjord.dk\/wordpress\/wp-content\/uploads\/2021\/04\/52313901_631300743969661_1752684954162036736_o-1-c41f5ec3-600x750.jpeg 600w, https:\/\/dev.laerkeegefjord.dk\/wordpress\/wp-content\/uploads\/2021\/04\/52313901_631300743969661_1752684954162036736_o-1-c41f5ec3-240x300.jpeg 240w\" sizes=\"auto, (max-width: 768px) 100vw, 768px\" \/><\/figure>\n\n\n<\/div>\n\n\n<div class=\"wp-block-column is-layout-flow wp-block-column-is-layout-flow\" style=\"flex-basis:33%\">\n\n<figure class=\"wp-block-image size-large\"><img loading=\"lazy\" decoding=\"async\" width=\"1625\" height=\"2560\" src=\"https:\/\/dev.laerkeegefjord.dk\/wordpress\/wp-content\/uploads\/2021\/04\/Pige_2a\u030ar-scaled-62b656e4.jpeg\" alt=\"\" class=\"wp-image-1455\" srcset=\"https:\/\/dev.laerkeegefjord.dk\/wordpress\/wp-content\/uploads\/2021\/04\/Pige_2a\u030ar-scaled-62b656e4.jpeg 1625w, https:\/\/dev.laerkeegefjord.dk\/wordpress\/wp-content\/uploads\/2021\/04\/Pige_2a\u030ar-scaled-62b656e4-600x945.jpeg 600w, https:\/\/dev.laerkeegefjord.dk\/wordpress\/wp-content\/uploads\/2021\/04\/Pige_2a\u030ar-scaled-62b656e4-190x300.jpeg 190w, https:\/\/dev.laerkeegefjord.dk\/wordpress\/wp-content\/uploads\/2021\/04\/Pige_2a\u030ar-scaled-62b656e4-650x1024.jpeg 650w, https:\/\/dev.laerkeegefjord.dk\/wordpress\/wp-content\/uploads\/2021\/04\/Pige_2a\u030ar-scaled-62b656e4-768x1210.jpeg 768w, https:\/\/dev.laerkeegefjord.dk\/wordpress\/wp-content\/uploads\/2021\/04\/Pige_2a\u030ar-scaled-62b656e4-975x1536.jpeg 975w, https:\/\/dev.laerkeegefjord.dk\/wordpress\/wp-content\/uploads\/2021\/04\/Pige_2a\u030ar-scaled-62b656e4-1300x2048.jpeg 1300w\" sizes=\"auto, (max-width: 1625px) 100vw, 1625px\" \/><\/figure>\n\n\n<\/div>\n\n\n<div class=\"wp-block-column is-layout-flow wp-block-column-is-layout-flow\" style=\"flex-basis:33%\">\n\n<figure class=\"wp-block-image size-large\"><img loading=\"lazy\" decoding=\"async\" width=\"1536\" height=\"2048\" src=\"https:\/\/dev.laerkeegefjord.dk\/wordpress\/wp-content\/uploads\/2021\/04\/1-896fd04a.jpeg\" alt=\"\" class=\"wp-image-1454\" srcset=\"https:\/\/dev.laerkeegefjord.dk\/wordpress\/wp-content\/uploads\/2021\/04\/1-896fd04a.jpeg 1536w, https:\/\/dev.laerkeegefjord.dk\/wordpress\/wp-content\/uploads\/2021\/04\/1-896fd04a-600x800.jpeg 600w, https:\/\/dev.laerkeegefjord.dk\/wordpress\/wp-content\/uploads\/2021\/04\/1-896fd04a-225x300.jpeg 225w, https:\/\/dev.laerkeegefjord.dk\/wordpress\/wp-content\/uploads\/2021\/04\/1-896fd04a-768x1024.jpeg 768w, https:\/\/dev.laerkeegefjord.dk\/wordpress\/wp-content\/uploads\/2021\/04\/1-896fd04a-1152x1536.jpeg 1152w\" sizes=\"auto, (max-width: 1536px) 100vw, 1536px\" \/><\/figure>\n\n\n<\/div>\n\n<\/div>\n\n\n\n<h2 class=\"uk-h2 uk-margin-small uk-text-center\" style=\"text-align: center;\">Sp\u00f8rgsm\u00e5l &amp; svar<\/h2><div class=\"uk-panel uk-margin\"><p><em>Mine kunder er typisk kvinder i alderen 25 \u2013 65 \u00e5r, men alle er velkomne, ogs\u00e5 par. Ofte er udgangspunktet for kvinden, at det skal v\u00e6re en gave til en partner, men for nogle kan det ogs\u00e5 v\u00e6re et manifest af, hvor de er n\u00e5et til i deres syn p\u00e5 egen krop.\u00a0<\/em><br \/><em>Nedenfor er svar p\u00e5 de mest almindelige sp\u00f8rgsm\u00e5l i forbindelse med tilblivelsen af en \u2018Akvarel af dig\u2019.<\/em><\/p><\/div>\n\n\n\n<h3 class=\"uk-h4 uk-margin-small uk-margin-remove-bottom uk-text-left\">Hvordan foreg\u00e5r det rent praktisk?<\/h3><div class=\"uk-panel uk-margin uk-margin-remove-top\"><div class=\"uk-width-1-3@m uk-first-column\"><div class=\"uk-panel uk-margin uk-margin-remove-top\"><p>Du sender mig et foto af dit barn, som jeg fortolker over i en akvarel. Inden jeg laver akvarellen, vil jeg spore mig ind p\u00e5 dine \u00f8nsker til b\u00e5de motiv og farvevalg.<\/p><p>Kontakt mig gerne i god tid mhp. en aftale.<\/p><\/div><\/div><\/div>\n\n\n\n<h3 class=\"uk-h4 uk-margin-small uk-margin-remove-bottom uk-text-left\">Hvilken st\u00f8rrelse er det f\u00e6rdige v\u00e6rk?<\/h3><div class=\"uk-panel uk-margin uk-margin-remove-top\"><p>St\u00f8rrelsen er 30 x 40 cm i ramme.<\/p><\/div><h3 class=\"uk-h4 uk-margin-small uk-margin-remove-bottom uk-text-left\">Hvad koster fragten?<\/h3><div class=\"uk-panel uk-margin uk-margin-remove-top\"><p>Fragten er gratis.<\/p><\/div><h3 class=\"uk-h4 uk-margin-small uk-margin-remove-bottom uk-text-left\">Hvor lang er leveringstiden?<\/h3><div class=\"uk-panel uk-margin uk-margin-remove-top\"><p>Leveringstiden er 10 \u2013 14 arbejdsdage.<\/p><\/div><h3 class=\"uk-h4 uk-margin-small uk-margin-remove-bottom uk-text-left\">Hvilke betalingsmuligheder tilbydes?<\/h3><div class=\"uk-panel uk-margin uk-margin-remove-top\"><p>Du kan betale med Mobilepay eller via bankoverf\u00f8rsel.<\/p><\/div><h3 class=\"uk-h4 uk-margin-small uk-margin-remove-bottom uk-text-left\">Hvortil skal jeg sende mit foto?<\/h3><div class=\"uk-panel uk-margin uk-margin-remove-top\"><p>Per mail:\u00a0<a href=\"mailto:legefjord@gmail.com\">legefjord@gmail.com<\/a><br \/>Per post: L\u00e6rke Egefjord, \u00c5lykkevej 5, DK.8240 Risskov.\u00a0<\/p><\/div>\n\n\n\n<h3 class=\"uk-h4 uk-margin-small uk-margin-remove-bottom uk-text-left\">Hvilken slags papir anvendes?<\/h3><div class=\"uk-panel uk-margin uk-margin-remove-top\"><p>V\u00e6rkerne bliver malet p\u00e5 300 g\/m2 naturhvidt akvarelpapir af h\u00f8j kvalitet fra Fabriano, som er lavet af 100% bomuld, klor- og syrefrit og aldringsbestandigt, s\u00e5 det ikke kun ser godt ud, men ogs\u00e5 holder hele livet.<\/p><\/div><h3 class=\"uk-h4 uk-margin-small uk-margin-remove-bottom uk-text-left\">Kan jeg have indflydelse p\u00e5 valg af farver?<\/h3><div class=\"uk-panel uk-margin uk-margin-remove-top\"><p>Ja, selvf\u00f8lgelig! Hvis du for eksempel \u00f8nsker, at v\u00e6rket skal males i samme farver som p\u00e5 fotoet, g\u00f8r jeg med gl\u00e6de det.<\/p><h3 class=\"uk-h4 uk-margin-small uk-margin-remove-bottom uk-text-left\">Hvilke akvarelfarver anvendes?<\/h3><div class=\"uk-panel uk-margin uk-margin-remove-top\"><p>Jeg burger altid akvarelfarver fra Winsor &amp; Newton, som er kendte for deres h\u00f8je kvalitet. Farverne har en h\u00f8j pigmentkoncentration, som sikrer, at farverne bevares og ikke falmer over tid.<\/p><\/div><h3 class=\"uk-h4 uk-margin-small uk-margin-remove-bottom uk-text-left\">Kan jeg k\u00f8be et gavekort til et v\u00e6rk?<\/h3><div class=\"uk-panel uk-margin uk-margin-remove-top\"><p>Ja, jeg laver ogs\u00e5 gavekort. Send en besked til\u00a0<a href=\"mailto:legefjord@gmail.com\">legefjord@gmail.com<\/a>\u00a0for at lave en aftale omkring k\u00f8b af gavekort.<\/p><h3 class=\"uk-h4 uk-margin-small uk-margin-remove-bottom uk-text-left\">Hvilke rammer anvendes?<\/h3><div class=\"uk-panel uk-margin uk-margin-remove-top\"><p>Jeg anvender skifterammer fra den anerkendte italienske rammeproducent Bubola &amp; Naibo. Rammerne er fremstillet af birketr\u00e6, og du kan v\u00e6lge mellem hvid, sort og tr\u00e6farven lys birk.<\/p><\/div><h3 class=\"uk-h4 uk-margin-small uk-margin-remove-bottom uk-text-left\">Hvad g\u00f8r jeg, hvis jeg har en klage?<\/h3><div class=\"uk-panel uk-margin uk-margin-remove-top\"><p>Alle klager (for v\u00e6rker, som bliver beskadiget under transporten) skal ske inden 14 dage efter modtagelsen.<\/p><p>Klager sendes til\u00a0<a href=\"mailto:legefjord@gmail.com\">legefjord@gmail.com<\/a>.<\/p><\/div><\/div><\/div>\n\n\n\n<hr class=\"wp-block-separator is-style-wide is-style-wide--1\"\/>\n\n\n\n<div class=\"uk-section-default uk-section\"><div class=\"uk-container\"><div class=\"tm-grid-expand uk-child-width-1-1 uk-grid-margin uk-grid uk-grid-stack\"><div class=\"uk-width-1-1@m uk-first-column\"><div class=\"uk-panel uk-text-large uk-margin-remove-vertical uk-text-center\"><p style=\"text-align: center;\"><strong>Skulle du have andre sp\u00f8rgsm\u00e5l, er du naturligvis velkommen til at kontakte mig<\/strong><\/p><\/div><\/div><\/div><\/div><\/div>\n\n\n\n<div class=\"wp-block-buttons is-content-justification-center is-layout-flex wp-container-core-buttons-is-layout-a89b3969 wp-block-buttons-is-layout-flex\">\n\n<div class=\"wp-block-button\"><a class=\"wp-block-button__link wp-element-button\" href=\"\/wordpress\/kontakt\">Kontakt<\/a><\/div>\n\n<\/div>\n\n\n","protected":false},"excerpt":{"rendered":"<p>\u2013 f\u00e5 et personligt &amp; unikt v\u00e6rk af dit barn\u00a0 Inspireret af den flygtige og legende croquis skaber jeg et intenst kunstv\u00e6rk af dit barn, hvor huden, bev\u00e6gelsen og stemningen flyder sammen i en let og levende akvarel. Perfekt som original og personlig barsels- og d\u00e5bsgave eller et minde for livet til jer selv. Pris: [&hellip;]<\/p>\n","protected":false},"author":0,"featured_media":0,"parent":0,"menu_order":0,"comment_status":"closed","ping_status":"closed","template":"","meta":{"_seopress_robots_primary_cat":"","_seopress_titles_title":"","_seopress_titles_desc":"","_seopress_robots_index":"","footnotes":""},"class_list":["post-4889","page","type-page","status-publish","hentry"],"_links":{"self":[{"href":"https:\/\/dev.laerkeegefjord.dk\/wordpress\/wp-json\/wp\/v2\/pages\/4889","targetHints":{"allow":["GET"]}}],"collection":[{"href":"https:\/\/dev.laerkeegefjord.dk\/wordpress\/wp-json\/wp\/v2\/pages"}],"about":[{"href":"https:\/\/dev.laerkeegefjord.dk\/wordpress\/wp-json\/wp\/v2\/types\/page"}],"replies":[{"embeddable":true,"href":"https:\/\/dev.laerkeegefjord.dk\/wordpress\/wp-json\/wp\/v2\/comments?post=4889"}],"version-history":[{"count":1,"href":"https:\/\/dev.laerkeegefjord.dk\/wordpress\/wp-json\/wp\/v2\/pages\/4889\/revisions"}],"predecessor-version":[{"id":4906,"href":"https:\/\/dev.laerkeegefjord.dk\/wordpress\/wp-json\/wp\/v2\/pages\/4889\/revisions\/4906"}],"wp:attachment":[{"href":"https:\/\/dev.laerkeegefjord.dk\/wordpress\/wp-json\/wp\/v2\/media?parent=4889"}],"curies":[{"name":"wp","href":"https:\/\/api.w.org\/{rel}","templated":true}]}}