{"id":4888,"date":"2026-03-22T12:58:27","date_gmt":"2026-03-22T12:58:27","guid":{"rendered":"https:\/\/dev.laerkeegefjord.dk\/wordpress\/malerier-pa-bestilling-fse\/"},"modified":"2026-03-22T13:07:01","modified_gmt":"2026-03-22T13:07:01","slug":"malerier-pa-bestilling","status":"publish","type":"page","link":"https:\/\/dev.laerkeegefjord.dk\/wordpress\/malerier-pa-bestilling\/","title":{"rendered":"Malerier p\u00e5 Bestilling"},"content":{"rendered":"\n<div class=\"wp-block-columns is-layout-flex wp-container-core-columns-is-layout-28f84493 wp-block-columns-is-layout-flex\">\n\n<div class=\"wp-block-column is-layout-flow wp-block-column-is-layout-flow\" style=\"flex-basis:50%\">\n\n<h3>\u00a0<\/h3><h3>\u00a0<\/h3><h3><em>Lad kunst skabe og styrke udtrykket i din boligindretning !<\/em><\/h3><p>\u00a0<\/p><p>\u00a0<\/p><p>Jeg tilbyder at male et speciallavet v\u00e6rk til dig, som passer til netop dine \u00f8nsker, hvor vi sammen finder frem til, hvilken st\u00f8rrelse, motiv og udtryk, du gerne vil have.<\/p><p>\u00a0<\/p><p>Det er vigtigt for mig at v\u00e6re i en \u00e5ben og \u00e6rlig dialog med mine kunder, s\u00e5 det endelige v\u00e6rk kommer til at passe med den indretning og stil, der er i dit hjem, eller p\u00e5 den arbejdsplads\/klinik, hvortil du \u00f8nsker et v\u00e6rk.<\/p>\n\n\n<\/div>\n\n\n<div class=\"wp-block-column is-layout-flow wp-block-column-is-layout-flow\" style=\"flex-basis:50%\">\n\n<figure class=\"wp-block-image size-large\"><img loading=\"lazy\" decoding=\"async\" width=\"535\" height=\"383\" src=\"https:\/\/dev.laerkeegefjord.dk\/wordpress\/wp-content\/uploads\/2021\/04\/175389940_1186525201780543_3547324299691042644_n.jpg\" alt=\"\" class=\"wp-image-1240\" srcset=\"https:\/\/dev.laerkeegefjord.dk\/wordpress\/wp-content\/uploads\/2021\/04\/175389940_1186525201780543_3547324299691042644_n.jpg 535w, https:\/\/dev.laerkeegefjord.dk\/wordpress\/wp-content\/uploads\/2021\/04\/175389940_1186525201780543_3547324299691042644_n-300x215.jpg 300w\" sizes=\"auto, (max-width: 535px) 100vw, 535px\" \/><\/figure>\n\n\n\n<figure class=\"wp-block-image size-large\"><img loading=\"lazy\" decoding=\"async\" width=\"536\" height=\"383\" src=\"https:\/\/dev.laerkeegefjord.dk\/wordpress\/wp-content\/uploads\/2021\/04\/176143515_1186525198447210_1202160142382411857_n.jpg\" alt=\"\" class=\"wp-image-1241\"\/><\/figure>\n\n\n<\/div>\n\n<\/div>\n\n\n\n<hr class=\"wp-block-separator is-style-wide is-style-wide--1\"\/>\n\n\n\n<h2 class=\"wp-block-heading has-text-align-center\">Tidligere Bestilte Malerier<\/h2>\n\n\n\n<div class=\"wp-block-query is-layout-flow wp-block-query-is-layout-flow\">\n<ul class=\"columns-2 wp-block-post-template is-layout-grid wp-container-core-post-template-is-layout-02493678 wp-block-post-template-is-layout-grid\"><li class=\"wp-block-post post-3697 post type-post status-publish format-standard has-post-thumbnail hentry category-blog\">\n<figure class=\"wp-block-post-featured-image\"><a href=\"https:\/\/dev.laerkeegefjord.dk\/wordpress\/born-slar-smut-pa-stranden-i-risskov\/\" target=\"_self\"  ><img loading=\"lazy\" decoding=\"async\" width=\"979\" height=\"734\" src=\"https:\/\/dev.laerkeegefjord.dk\/wordpress\/wp-content\/uploads\/2022\/09\/Maleri-til-Mette-fra-Risskov-Biblo.jpg\" class=\"attachment-post-thumbnail size-post-thumbnail wp-post-image\" alt=\"B\u00f8rn sl\u00e5r smut p\u00e5 stranden i Risskov\" style=\"object-fit:cover;\" srcset=\"https:\/\/dev.laerkeegefjord.dk\/wordpress\/wp-content\/uploads\/2022\/09\/Maleri-til-Mette-fra-Risskov-Biblo.jpg 979w, https:\/\/dev.laerkeegefjord.dk\/wordpress\/wp-content\/uploads\/2022\/09\/Maleri-til-Mette-fra-Risskov-Biblo-300x225.jpg 300w, https:\/\/dev.laerkeegefjord.dk\/wordpress\/wp-content\/uploads\/2022\/09\/Maleri-til-Mette-fra-Risskov-Biblo-768x576.jpg 768w, https:\/\/dev.laerkeegefjord.dk\/wordpress\/wp-content\/uploads\/2022\/09\/Maleri-til-Mette-fra-Risskov-Biblo-800x600.jpg 800w, https:\/\/dev.laerkeegefjord.dk\/wordpress\/wp-content\/uploads\/2022\/09\/Maleri-til-Mette-fra-Risskov-Biblo-600x450.jpg 600w\" sizes=\"auto, (max-width: 979px) 100vw, 979px\" \/><\/a><\/figure>\n<h3 style=\"color:#000000; font-size:clamp(0.875rem, 0.875rem + ((1vw - 0.2rem) * 0.227), 1rem);\" class=\"wp-block-post-title has-text-color\"><a href=\"https:\/\/dev.laerkeegefjord.dk\/wordpress\/born-slar-smut-pa-stranden-i-risskov\/\" target=\"_self\" >B\u00f8rn sl\u00e5r smut p\u00e5 stranden i Risskov<\/a><\/h3>\n<div class=\"wp-block-post-excerpt\"><p class=\"wp-block-post-excerpt__excerpt\">Jeg har skabt dette maleri til en familie, som \u00f8nskede sig et kunstv\u00e6rk af udsigten fra stranden i Risskov ind over Aarhus Bugt????Som noget s\u00e6rligt er familiens to store b\u00f8rn portr\u00e6tteret i maleriet, hvor de sl\u00e5r smut p\u00e5 stranden sammen med familiens hund???? Akryl p\u00e5 l\u00e6rred, 90 x 120 cm <\/p><\/div>\n<\/li><li class=\"wp-block-post post-3642 post type-post status-publish format-standard has-post-thumbnail hentry category-blog\">\n<figure class=\"wp-block-post-featured-image\"><a href=\"https:\/\/dev.laerkeegefjord.dk\/wordpress\/familie-pa-stranden-i-tisvildeleje\/\" target=\"_self\"  ><img loading=\"lazy\" decoding=\"async\" width=\"750\" height=\"573\" src=\"https:\/\/dev.laerkeegefjord.dk\/wordpress\/wp-content\/uploads\/2022\/08\/Maleri-til-Lisa.jpg\" class=\"attachment-post-thumbnail size-post-thumbnail wp-post-image\" alt=\"Familie p\u00e5 Stranden i Tisvildeleje\" style=\"object-fit:cover;\" srcset=\"https:\/\/dev.laerkeegefjord.dk\/wordpress\/wp-content\/uploads\/2022\/08\/Maleri-til-Lisa.jpg 750w, https:\/\/dev.laerkeegefjord.dk\/wordpress\/wp-content\/uploads\/2022\/08\/Maleri-til-Lisa-300x229.jpg 300w, https:\/\/dev.laerkeegefjord.dk\/wordpress\/wp-content\/uploads\/2022\/08\/Maleri-til-Lisa-600x458.jpg 600w\" sizes=\"auto, (max-width: 750px) 100vw, 750px\" \/><\/a><\/figure>\n<h3 style=\"color:#000000; font-size:clamp(0.875rem, 0.875rem + ((1vw - 0.2rem) * 0.227), 1rem);\" class=\"wp-block-post-title has-text-color\"><a href=\"https:\/\/dev.laerkeegefjord.dk\/wordpress\/familie-pa-stranden-i-tisvildeleje\/\" target=\"_self\" >Familie p\u00e5 Stranden i Tisvildeleje<\/a><\/h3>\n<div class=\"wp-block-post-excerpt\"><p class=\"wp-block-post-excerpt__excerpt\">Maleriet her har jeg lavet til en familie med sommerhus i Tisvildeleje, som \u00f8nskede sig et maleri af deres lokale badestrand med Mor &amp; datter p\u00e5 havdyb, mens lillebror leger p\u00e5 stranden Akryl p\u00e5 l\u00e6rred, 90 x 120 cm <\/p><\/div>\n<\/li><li class=\"wp-block-post post-3612 post type-post status-publish format-standard has-post-thumbnail hentry category-blog\">\n<figure class=\"wp-block-post-featured-image\"><a href=\"https:\/\/dev.laerkeegefjord.dk\/wordpress\/trehoje-pa-mols-2\/\" target=\"_self\"  ><img loading=\"lazy\" decoding=\"async\" width=\"574\" height=\"439\" src=\"https:\/\/dev.laerkeegefjord.dk\/wordpress\/wp-content\/uploads\/2022\/02\/unnamed-7-2.jpg\" class=\"attachment-post-thumbnail size-post-thumbnail wp-post-image\" alt=\"Treh\u00f8je p\u00e5 Mols\" style=\"object-fit:cover;\" srcset=\"https:\/\/dev.laerkeegefjord.dk\/wordpress\/wp-content\/uploads\/2022\/02\/unnamed-7-2.jpg 574w, https:\/\/dev.laerkeegefjord.dk\/wordpress\/wp-content\/uploads\/2022\/02\/unnamed-7-2-300x229.jpg 300w\" sizes=\"auto, (max-width: 574px) 100vw, 574px\" \/><\/a><\/figure>\n<h3 style=\"color:#000000; font-size:clamp(0.875rem, 0.875rem + ((1vw - 0.2rem) * 0.227), 1rem);\" class=\"wp-block-post-title has-text-color\"><a href=\"https:\/\/dev.laerkeegefjord.dk\/wordpress\/trehoje-pa-mols-2\/\" target=\"_self\" >Treh\u00f8je p\u00e5 Mols<\/a><\/h3>\n<div class=\"wp-block-post-excerpt\"><p class=\"wp-block-post-excerpt__excerpt\">Maleriet her blev skabt ud fra et \u00f8nske om at indfange k\u00e6rligheden til Treh\u00f8je og til hinanden hos en familie med sommerhus p\u00e5 Mols ????Akryl p\u00e5 l\u00e6rred, 90 x 120 cm <\/p><\/div>\n<\/li><li class=\"wp-block-post post-3606 post type-post status-publish format-standard has-post-thumbnail hentry category-blog\">\n<figure class=\"wp-block-post-featured-image\"><a href=\"https:\/\/dev.laerkeegefjord.dk\/wordpress\/portraet-af-en-familie-pa-5\/\" target=\"_self\"  ><img loading=\"lazy\" decoding=\"async\" width=\"750\" height=\"553\" src=\"https:\/\/dev.laerkeegefjord.dk\/wordpress\/wp-content\/uploads\/2022\/07\/unnamed-4-1.jpg\" class=\"attachment-post-thumbnail size-post-thumbnail wp-post-image\" alt=\"Portr\u00e6t af en familie p\u00e5 5\" style=\"object-fit:cover;\" srcset=\"https:\/\/dev.laerkeegefjord.dk\/wordpress\/wp-content\/uploads\/2022\/07\/unnamed-4-1.jpg 750w, https:\/\/dev.laerkeegefjord.dk\/wordpress\/wp-content\/uploads\/2022\/07\/unnamed-4-1-300x221.jpg 300w, https:\/\/dev.laerkeegefjord.dk\/wordpress\/wp-content\/uploads\/2022\/07\/unnamed-4-1-600x442.jpg 600w\" sizes=\"auto, (max-width: 750px) 100vw, 750px\" \/><\/a><\/figure>\n<h3 style=\"color:#000000; font-size:clamp(0.875rem, 0.875rem + ((1vw - 0.2rem) * 0.227), 1rem);\" class=\"wp-block-post-title has-text-color\"><a href=\"https:\/\/dev.laerkeegefjord.dk\/wordpress\/portraet-af-en-familie-pa-5\/\" target=\"_self\" >Portr\u00e6t af en familie p\u00e5 5<\/a><\/h3>\n<div class=\"wp-block-post-excerpt\"><p class=\"wp-block-post-excerpt__excerpt\">Det har v\u00e6ret en stor forn\u00f8jelse at portr\u00e6ttere en familie med en Mor &amp; to b\u00f8rn (stores\u00f8ster &amp; lillebror) &#8211; som elefanter ! &#8211; i et stort, k\u00e6rligt &amp; livfuldt portr\u00e6t Akvarel, 52 x 72 cm. <\/p><\/div>\n<\/li><li class=\"wp-block-post post-2645 post type-post status-publish format-standard has-post-thumbnail hentry category-blog\">\n<figure class=\"wp-block-post-featured-image\"><a href=\"https:\/\/dev.laerkeegefjord.dk\/wordpress\/udsigt-over-brabrand-soe\/\" target=\"_self\"  ><img loading=\"lazy\" decoding=\"async\" width=\"960\" height=\"720\" src=\"https:\/\/dev.laerkeegefjord.dk\/wordpress\/wp-content\/uploads\/2021\/03\/164825393_10159358351869244_2443943402792833430_n.jpg\" class=\"attachment-post-thumbnail size-post-thumbnail wp-post-image\" alt=\"Udsigt over Brabrand S\u00f8\" style=\"object-fit:cover;\" srcset=\"https:\/\/dev.laerkeegefjord.dk\/wordpress\/wp-content\/uploads\/2021\/03\/164825393_10159358351869244_2443943402792833430_n.jpg 960w, https:\/\/dev.laerkeegefjord.dk\/wordpress\/wp-content\/uploads\/2021\/03\/164825393_10159358351869244_2443943402792833430_n-600x450.jpg 600w, https:\/\/dev.laerkeegefjord.dk\/wordpress\/wp-content\/uploads\/2021\/03\/164825393_10159358351869244_2443943402792833430_n-300x225.jpg 300w, https:\/\/dev.laerkeegefjord.dk\/wordpress\/wp-content\/uploads\/2021\/03\/164825393_10159358351869244_2443943402792833430_n-768x576.jpg 768w\" sizes=\"auto, (max-width: 960px) 100vw, 960px\" \/><\/a><\/figure>\n<h3 style=\"color:#000000; font-size:clamp(0.875rem, 0.875rem + ((1vw - 0.2rem) * 0.227), 1rem);\" class=\"wp-block-post-title has-text-color\"><a href=\"https:\/\/dev.laerkeegefjord.dk\/wordpress\/udsigt-over-brabrand-soe\/\" target=\"_self\" >Udsigt over Brabrand S\u00f8<\/a><\/h3>\n<div class=\"wp-block-post-excerpt\"><p class=\"wp-block-post-excerpt__excerpt\">Fra Langen\u00e6s til Braband S\u00f8 &#8211; \u00f8nsket var et maleri i sommerkl\u00e6der, som viser den sk\u00f8nne udsigt ud over Brabrand S\u00f8 med natur og fugleliv. Akryl p\u00e5 l\u00e6rred; 90 x 120 cm. <\/p><\/div>\n<\/li><li class=\"wp-block-post post-2635 post type-post status-publish format-standard has-post-thumbnail hentry category-blog\">\n<figure class=\"wp-block-post-featured-image\"><a href=\"https:\/\/dev.laerkeegefjord.dk\/wordpress\/egaa-marina\/\" target=\"_self\"  ><img loading=\"lazy\" decoding=\"async\" width=\"537\" height=\"403\" src=\"https:\/\/dev.laerkeegefjord.dk\/wordpress\/wp-content\/uploads\/2021\/03\/162084774_550025722605504_7077707040015917855_n.jpg\" class=\"attachment-post-thumbnail size-post-thumbnail wp-post-image\" alt=\"Egaa Marina\" style=\"object-fit:cover;\" srcset=\"https:\/\/dev.laerkeegefjord.dk\/wordpress\/wp-content\/uploads\/2021\/03\/162084774_550025722605504_7077707040015917855_n.jpg 537w, https:\/\/dev.laerkeegefjord.dk\/wordpress\/wp-content\/uploads\/2021\/03\/162084774_550025722605504_7077707040015917855_n-300x225.jpg 300w\" sizes=\"auto, (max-width: 537px) 100vw, 537px\" \/><\/a><\/figure>\n<h3 style=\"color:#000000; font-size:clamp(0.875rem, 0.875rem + ((1vw - 0.2rem) * 0.227), 1rem);\" class=\"wp-block-post-title has-text-color\"><a href=\"https:\/\/dev.laerkeegefjord.dk\/wordpress\/egaa-marina\/\" target=\"_self\" >Egaa Marina<\/a><\/h3>\n<div class=\"wp-block-post-excerpt\"><p class=\"wp-block-post-excerpt__excerpt\">Malerierne her h\u00e6nger hos en familie, som bor i et hus n\u00e6r Egaa Marina, og hvor jeg har udsmykket deres tomme v\u00e6gge &#8211; blandt andet med et maleri, som viser deres udsigt over Egaa Marina (forrest &#8211; se maleriet under &#8216;Akrylmalerier&#8217; &#8211; &#8216;Egaa Marina&#8217;) og et maleri af udsigten fra Risskov Strand over mod Mols&hellip; <\/p><\/div>\n<\/li><li class=\"wp-block-post post-2412 post type-post status-publish format-standard has-post-thumbnail hentry category-blog\">\n<figure class=\"wp-block-post-featured-image\"><a href=\"https:\/\/dev.laerkeegefjord.dk\/wordpress\/villa-i-1-raekke-risskov-strand\/\" target=\"_self\"  ><img loading=\"lazy\" decoding=\"async\" width=\"2560\" height=\"1893\" src=\"https:\/\/dev.laerkeegefjord.dk\/wordpress\/wp-content\/uploads\/2020\/11\/IMG_8550-scaled-1.jpg\" class=\"attachment-post-thumbnail size-post-thumbnail wp-post-image\" alt=\"Villa i 1. r\u00e6kke, Risskov Strand\" style=\"object-fit:cover;\" srcset=\"https:\/\/dev.laerkeegefjord.dk\/wordpress\/wp-content\/uploads\/2020\/11\/IMG_8550-scaled-1.jpg 2560w, https:\/\/dev.laerkeegefjord.dk\/wordpress\/wp-content\/uploads\/2020\/11\/IMG_8550-scaled-1-600x444.jpg 600w, https:\/\/dev.laerkeegefjord.dk\/wordpress\/wp-content\/uploads\/2020\/11\/IMG_8550-scaled-1-300x222.jpg 300w, https:\/\/dev.laerkeegefjord.dk\/wordpress\/wp-content\/uploads\/2020\/11\/IMG_8550-scaled-1-1024x757.jpg 1024w, https:\/\/dev.laerkeegefjord.dk\/wordpress\/wp-content\/uploads\/2020\/11\/IMG_8550-scaled-1-768x568.jpg 768w, https:\/\/dev.laerkeegefjord.dk\/wordpress\/wp-content\/uploads\/2020\/11\/IMG_8550-scaled-1-1536x1136.jpg 1536w, https:\/\/dev.laerkeegefjord.dk\/wordpress\/wp-content\/uploads\/2020\/11\/IMG_8550-scaled-1-2048x1514.jpg 2048w\" sizes=\"auto, (max-width: 2560px) 100vw, 2560px\" \/><\/a><\/figure>\n<h3 style=\"color:#000000; font-size:clamp(0.875rem, 0.875rem + ((1vw - 0.2rem) * 0.227), 1rem);\" class=\"wp-block-post-title has-text-color\"><a href=\"https:\/\/dev.laerkeegefjord.dk\/wordpress\/villa-i-1-raekke-risskov-strand\/\" target=\"_self\" >Villa i 1. r\u00e6kke, Risskov Strand<\/a><\/h3>\n<div class=\"wp-block-post-excerpt\"><p class=\"wp-block-post-excerpt__excerpt\">Maleri af en villa i f\u00f8rste r\u00e6kke til havet her i Risskov \u2013 det var en forn\u00f8jelse for mig at lave en bestillingsopgave af et hus i mit n\u00e6romr\u00e5de. Det var forresten en julegave til husets ejere. Akryl p\u00e5 l\u00e6rred; 90 x 120 cm. <\/p><\/div>\n<\/li><li class=\"wp-block-post post-2261 post type-post status-publish format-standard has-post-thumbnail hentry category-blog\">\n<figure class=\"wp-block-post-featured-image\"><a href=\"https:\/\/dev.laerkeegefjord.dk\/wordpress\/fabrik-paa-faeroeerne-2-2-2\/\" target=\"_self\"  ><img loading=\"lazy\" decoding=\"async\" width=\"563\" height=\"403\" src=\"https:\/\/dev.laerkeegefjord.dk\/wordpress\/wp-content\/uploads\/2021\/03\/165823150_369013840882862_2908452729010252020_n.jpg\" class=\"attachment-post-thumbnail size-post-thumbnail wp-post-image\" alt=\"\u00c5lykkevej i Risskov\" style=\"object-fit:cover;\" srcset=\"https:\/\/dev.laerkeegefjord.dk\/wordpress\/wp-content\/uploads\/2021\/03\/165823150_369013840882862_2908452729010252020_n.jpg 563w, https:\/\/dev.laerkeegefjord.dk\/wordpress\/wp-content\/uploads\/2021\/03\/165823150_369013840882862_2908452729010252020_n-300x215.jpg 300w\" sizes=\"auto, (max-width: 563px) 100vw, 563px\" \/><\/a><\/figure>\n<h3 style=\"color:#000000; font-size:clamp(0.875rem, 0.875rem + ((1vw - 0.2rem) * 0.227), 1rem);\" class=\"wp-block-post-title has-text-color\"><a href=\"https:\/\/dev.laerkeegefjord.dk\/wordpress\/fabrik-paa-faeroeerne-2-2-2\/\" target=\"_self\" >\u00c5lykkevej i Risskov<\/a><\/h3>\n<div class=\"wp-block-post-excerpt\"><p class=\"wp-block-post-excerpt__excerpt\">N\u00e5r et hjem s\u00e6lges og forlades, kan der v\u00e6re mange minder, man \u00f8nsker at tage med fra tiden og livet i huset. Det var netop \u00f8nsket for en familie p\u00e5 \u00c5lykkevej i Risskov, som derfor fik lavet et personligt maleri af deres gamle hjem til at h\u00e6nge op i det nye. Akryl p\u00e5 l\u00e6rred; 60&hellip; <\/p><\/div>\n<\/li><li class=\"wp-block-post post-812 post type-post status-publish format-standard has-post-thumbnail hentry category-blog\">\n<figure class=\"wp-block-post-featured-image\"><a href=\"https:\/\/dev.laerkeegefjord.dk\/wordpress\/havternerne-floej-til-ebeltoft\/\" target=\"_self\"  ><img loading=\"lazy\" decoding=\"async\" width=\"1828\" height=\"2560\" src=\"https:\/\/dev.laerkeegefjord.dk\/wordpress\/wp-content\/uploads\/2018\/09\/Havterne_LaerkeEgefjord-kopi-scaled.jpg\" class=\"attachment-post-thumbnail size-post-thumbnail wp-post-image\" alt=\"Havternerne fl\u00f8j til Ebeltoft\" style=\"object-fit:cover;\" srcset=\"https:\/\/dev.laerkeegefjord.dk\/wordpress\/wp-content\/uploads\/2018\/09\/Havterne_LaerkeEgefjord-kopi-scaled.jpg 1828w, https:\/\/dev.laerkeegefjord.dk\/wordpress\/wp-content\/uploads\/2018\/09\/Havterne_LaerkeEgefjord-kopi-scaled-600x840.jpg 600w, https:\/\/dev.laerkeegefjord.dk\/wordpress\/wp-content\/uploads\/2018\/09\/Havterne_LaerkeEgefjord-kopi-214x300.jpg 214w, https:\/\/dev.laerkeegefjord.dk\/wordpress\/wp-content\/uploads\/2018\/09\/Havterne_LaerkeEgefjord-kopi-731x1024.jpg 731w, https:\/\/dev.laerkeegefjord.dk\/wordpress\/wp-content\/uploads\/2018\/09\/Havterne_LaerkeEgefjord-kopi-768x1076.jpg 768w, https:\/\/dev.laerkeegefjord.dk\/wordpress\/wp-content\/uploads\/2018\/09\/Havterne_LaerkeEgefjord-kopi-1097x1536.jpg 1097w, https:\/\/dev.laerkeegefjord.dk\/wordpress\/wp-content\/uploads\/2018\/09\/Havterne_LaerkeEgefjord-kopi-1462x2048.jpg 1462w\" sizes=\"auto, (max-width: 1828px) 100vw, 1828px\" \/><\/a><\/figure>\n<h3 style=\"color:#000000; font-size:clamp(0.875rem, 0.875rem + ((1vw - 0.2rem) * 0.227), 1rem);\" class=\"wp-block-post-title has-text-color\"><a href=\"https:\/\/dev.laerkeegefjord.dk\/wordpress\/havternerne-floej-til-ebeltoft\/\" target=\"_self\" >Havternerne fl\u00f8j til Ebeltoft<\/a><\/h3>\n<div class=\"wp-block-post-excerpt\"><p class=\"wp-block-post-excerpt__excerpt\">Maleri til et par, som bor helt stilrent i et nybygget hus i Ebeltoft. De \u00f8nskede sig noget liv p\u00e5 den store v\u00e6g i deres badev\u00e6relse. Fra deres spa kan man nyde panoramaudsigten over Ebeltoft Vig, og mit forslag blev derfor et fuglemotiv med udgangspunkt i den k\u00f8lige farveskala, som ville passe ind i omgivelserne&hellip; <\/p><\/div>\n<\/li><\/ul>\n\n<\/div>\n","protected":false},"excerpt":{"rendered":"<p>\u00a0 \u00a0 Lad kunst skabe og styrke udtrykket i din boligindretning ! \u00a0 \u00a0 Jeg tilbyder at male et speciallavet v\u00e6rk til dig, som passer til netop dine \u00f8nsker, hvor vi sammen finder frem til, hvilken st\u00f8rrelse, motiv og udtryk, du gerne vil have. \u00a0 Det er vigtigt for mig at v\u00e6re i en \u00e5ben [&hellip;]<\/p>\n","protected":false},"author":0,"featured_media":0,"parent":0,"menu_order":0,"comment_status":"closed","ping_status":"closed","template":"","meta":{"_seopress_robots_primary_cat":"","_seopress_titles_title":"","_seopress_titles_desc":"","_seopress_robots_index":"","footnotes":""},"class_list":["post-4888","page","type-page","status-publish","hentry"],"_links":{"self":[{"href":"https:\/\/dev.laerkeegefjord.dk\/wordpress\/wp-json\/wp\/v2\/pages\/4888","targetHints":{"allow":["GET"]}}],"collection":[{"href":"https:\/\/dev.laerkeegefjord.dk\/wordpress\/wp-json\/wp\/v2\/pages"}],"about":[{"href":"https:\/\/dev.laerkeegefjord.dk\/wordpress\/wp-json\/wp\/v2\/types\/page"}],"replies":[{"embeddable":true,"href":"https:\/\/dev.laerkeegefjord.dk\/wordpress\/wp-json\/wp\/v2\/comments?post=4888"}],"version-history":[{"count":2,"href":"https:\/\/dev.laerkeegefjord.dk\/wordpress\/wp-json\/wp\/v2\/pages\/4888\/revisions"}],"predecessor-version":[{"id":4921,"href":"https:\/\/dev.laerkeegefjord.dk\/wordpress\/wp-json\/wp\/v2\/pages\/4888\/revisions\/4921"}],"wp:attachment":[{"href":"https:\/\/dev.laerkeegefjord.dk\/wordpress\/wp-json\/wp\/v2\/media?parent=4888"}],"curies":[{"name":"wp","href":"https:\/\/api.w.org\/{rel}","templated":true}]}}