{"id":4887,"date":"2026-03-22T12:57:25","date_gmt":"2026-03-22T12:57:25","guid":{"rendered":"https:\/\/dev.laerkeegefjord.dk\/wordpress\/kontakt-fse\/"},"modified":"2026-03-28T13:45:20","modified_gmt":"2026-03-28T13:45:20","slug":"kontakt","status":"publish","type":"page","link":"https:\/\/dev.laerkeegefjord.dk\/wordpress\/kontakt\/","title":{"rendered":"Kontakt"},"content":{"rendered":"\n<div class=\"wp-block-group alignfull has-background has-global-padding is-layout-constrained wp-container-core-group-is-layout-35532a67 wp-block-group-is-layout-constrained\" style=\"background-color:#FFFAF3;padding-top:40px;padding-bottom:0px\">\n<figure class=\"wp-block-image aligncenter size-large is-resized\"><img decoding=\"async\" src=\"https:\/\/dev.laerkeegefjord.dk\/wordpress\/wp-content\/uploads\/2024\/07\/2024_06_LaerkeEgefjord_Portrait_0140-scaled.jpg\" alt=\"L\u00e6rke Egefjord\" style=\"width:730px;height:auto\"\/><\/figure>\n<\/div>\n\n\n\n<div class=\"wp-block-group alignfull has-global-padding is-layout-constrained wp-container-core-group-is-layout-da725c26 wp-block-group-is-layout-constrained\" style=\"background-color:#FFFAF3;padding-top:40px;padding-bottom:10px;\">\n\n<h2 class=\"wp-block-heading has-text-align-center has-text-color\" style=\"color:#54595F;font-family:Roboto, sans-serif;font-weight:600;\">Skriv til mig<\/h2>\n\n\n<hr class=\"wp-block-separator is-style-wide has-background wp-container-content-ec530bea is-style-wide--1\" style=\"background-color:#54595F;height:4.5px;border:none;width:59%;margin:0 auto;\"\/>\n\n<\/div>\n\n\n\n<div class=\"wp-block-group alignfull has-global-padding is-layout-constrained wp-container-core-group-is-layout-97a0104c wp-block-group-is-layout-constrained\" style=\"background-color:#FFFAF3;padding-top:40px;padding-bottom:60px;\">\n\n<div class=\"wp-block-columns is-layout-flex wp-container-core-columns-is-layout-133cf375 wp-block-columns-is-layout-flex\" style=\"column-gap:20px;\">\n\n<div class=\"wp-block-column is-layout-flow wp-block-column-is-layout-flow\" style=\"flex-basis:30%\">\n\n<p style=\"margin-top:0;padding-top:0;\"><strong>Du finder mig p\u00e5<\/strong><br>L\u00e6rke Egefjord<br>\u00c5lykkevej 5<br>DK-8240 Risskov<\/p>\n\n\n<p style=\"margin-top:20px;\"><strong>Kontakt mig p\u00e5<\/strong><br>+45 5363 3359<br>legefjord@gmail.com<\/p>\n\n<\/div>\n\n\n<div class=\"wp-block-column is-layout-flow wp-block-column-is-layout-flow\" style=\"flex-basis:70%\">\n<style id=\"wpforms-css-vars-4883\">\n\t\t\t\t#wpforms-4883 {\n\t\t\t\t\n\t\t\t}\n\t\t\t<\/style><div class=\"wpforms-container wpforms-container-full wpforms-render-modern\" id=\"wpforms-0\"><form id=\"wpforms-form-4883\" class=\"wpforms-validate wpforms-form\" data-formid=\"4883\" method=\"post\" enctype=\"multipart\/form-data\" action=\"\/wordpress\/wp-json\/wp\/v2\/pages\/4887\" data-token=\"175b5d6d285c07296117813bd12e35fc\" data-token-time=\"1775417214\"><noscript class=\"wpforms-error-noscript\">Please enable JavaScript in your browser to complete this form.<\/noscript><div id=\"wpforms-error-noscript\" style=\"display: none;\">Please enable JavaScript in your browser to complete this form.<\/div><div class=\"wpforms-field-container\"><div id=\"wpforms-0-field_1-container\" class=\"wpforms-field wpforms-field-text\" data-field-id=\"1\"><label class=\"wpforms-field-label\" for=\"wpforms-0-field_1\">Dit Navn <span class=\"wpforms-required-label\" aria-hidden=\"true\">*<\/span><\/label><input type=\"text\" id=\"wpforms-0-field_1\" class=\"wpforms-field-medium wpforms-field-required\" name=\"wpforms[fields][1]\" aria-errormessage=\"wpforms-0-field_1-error\" required><\/div><div id=\"wpforms-0-field_2-container\" class=\"wpforms-field wpforms-field-email\" data-field-id=\"2\"><label class=\"wpforms-field-label\" for=\"wpforms-0-field_2\">Din Mail <span class=\"wpforms-required-label\" aria-hidden=\"true\">*<\/span><\/label><input type=\"email\" id=\"wpforms-0-field_2\" class=\"wpforms-field-medium wpforms-field-required\" name=\"wpforms[fields][2]\" spellcheck=\"false\" aria-errormessage=\"wpforms-0-field_2-error\" required><\/div><div id=\"wpforms-0-field_3-container\" class=\"wpforms-field wpforms-field-textarea\" data-field-id=\"3\"><label class=\"wpforms-field-label\" for=\"wpforms-0-field_3\">Besked <span class=\"wpforms-required-label\" aria-hidden=\"true\">*<\/span><\/label><textarea id=\"wpforms-0-field_3\" class=\"wpforms-field-medium wpforms-field-required\" name=\"wpforms[fields][3]\" aria-errormessage=\"wpforms-0-field_3-error\" required><\/textarea><\/div><\/div><!-- .wpforms-field-container --><div class=\"wpforms-submit-container\" ><input type=\"hidden\" name=\"wpforms[id]\" value=\"0\"><input type=\"hidden\" name=\"page_title\" value=\"\"><input type=\"hidden\" name=\"page_url\" value=\"https:\/\/dev.laerkeegefjord.dk\/wordpress\/wp-json\/wp\/v2\/pages\/4887\"><input type=\"hidden\" name=\"url_referer\" value=\"\"><button type=\"submit\" name=\"wpforms[submit]\" id=\"wpforms-submit-0\" class=\"wpforms-submit\" aria-live=\"assertive\" value=\"wpforms-submit\">Send Besked<\/button><\/div><\/form><\/div>  <!-- .wpforms-container -->\n\n<\/div>\n\n<\/div>\n\n<\/div>\n\n\n\n<div class=\"wp-block-group alignfull has-global-padding is-layout-constrained wp-block-group-is-layout-constrained wp-container-core-group-is-layout-4e457f51\" style=\"background-color:#FFFAF3;padding-top:40px;padding-bottom:60px;\">\n\n<h2 class=\"wp-block-heading has-text-align-center has-text-color\" style=\"color:#54595F;font-family:Roboto, sans-serif;font-weight:600;font-size:clamp(23.54px, 1.471rem + ((1vw - 3.2px) * 1.757), 39px);\">Tilmeld dig Nyhedsbrevet<\/h2>\n\n\n<p class=\"has-text-align-center has-text-color\" style=\"color:#7A7A7A;font-family:Roboto, sans-serif;\">Hold dig opdateret p\u00e5 nye malerier, ferniseringer, kurser og foredrag<\/p>\n\n\n<hr class=\"wp-block-separator is-style-wide has-background is-style-wide--2\" style=\"background-color:#54595F;height:4.5px;border:none;width:59%;margin:0 auto;\"\/>\n\n<style id=\"wpforms-css-vars-4926\">\n\t\t\t\t#wpforms-4926 {\n\t\t\t\t\n\t\t\t}\n\t\t\t<\/style><div class=\"wpforms-container wpforms-container-full wpforms-render-modern\" id=\"wpforms-4926\"><form id=\"wpforms-form-4926\" class=\"wpforms-validate wpforms-form wpforms-ajax-form\" data-formid=\"4926\" method=\"post\" enctype=\"multipart\/form-data\" action=\"\/wordpress\/wp-json\/wp\/v2\/pages\/4887\" data-token=\"cad0750343b440d92c7642a03afe0879\" data-token-time=\"1775417214\"><noscript class=\"wpforms-error-noscript\">Please enable JavaScript in your browser to complete this form.<\/noscript><div id=\"wpforms-error-noscript\" style=\"display: none;\">Please enable JavaScript in your browser to complete this form.<\/div><div class=\"wpforms-field-container\"><div id=\"wpforms-4926-field_1-container\" class=\"wpforms-field wpforms-field-name\" data-field-id=\"1\"><label class=\"wpforms-field-label\" for=\"wpforms-4926-field_1\">Navn <span class=\"wpforms-required-label\" aria-hidden=\"true\">*<\/span><\/label><input type=\"text\" id=\"wpforms-4926-field_1\" class=\"wpforms-field-medium wpforms-field-required\" name=\"wpforms[fields][1]\" aria-errormessage=\"wpforms-4926-field_1-error\" required><\/div><div id=\"wpforms-4926-field_2-container\" class=\"wpforms-field wpforms-field-email\" data-field-id=\"2\"><label class=\"wpforms-field-label\" for=\"wpforms-4926-field_2\">Email <span class=\"wpforms-required-label\" aria-hidden=\"true\">*<\/span><\/label><input type=\"email\" id=\"wpforms-4926-field_2\" class=\"wpforms-field-medium wpforms-field-required\" name=\"wpforms[fields][2]\" placeholder=\"Email\" spellcheck=\"false\" aria-errormessage=\"wpforms-4926-field_2-error\" required><\/div><\/div><!-- .wpforms-field-container --><div class=\"wpforms-submit-container\" ><input type=\"hidden\" name=\"wpforms[id]\" value=\"4926\"><input type=\"hidden\" name=\"page_title\" value=\"\"><input type=\"hidden\" name=\"page_url\" value=\"https:\/\/dev.laerkeegefjord.dk\/wordpress\/wp-json\/wp\/v2\/pages\/4887\"><input type=\"hidden\" name=\"url_referer\" value=\"\"><button type=\"submit\" name=\"wpforms[submit]\" id=\"wpforms-submit-4926\" class=\"wpforms-submit\" data-alt-text=\"Senderu2026\" data-submit-text=\"Tilmeld\" aria-live=\"assertive\" value=\"wpforms-submit\">Tilmeld<\/button><img loading=\"lazy\" decoding=\"async\" src=\"https:\/\/dev.laerkeegefjord.dk\/wordpress\/wp-content\/plugins\/wpforms-lite\/assets\/images\/submit-spin.svg\" class=\"wpforms-submit-spinner\" style=\"display: none;\" width=\"26\" height=\"26\" alt=\"Loading\"><\/div><\/form><\/div>  <!-- .wpforms-container -->\n\n<\/div>\n","protected":false},"excerpt":{"rendered":"<p>Skriv til mig Du finder mig p\u00e5L\u00e6rke Egefjord\u00c5lykkevej 5DK-8240 Risskov Kontakt mig p\u00e5+45 5363 3359legefjord@gmail.com Tilmeld dig Nyhedsbrevet Hold dig opdateret p\u00e5 nye malerier, ferniseringer, kurser og foredrag<\/p>\n","protected":false},"author":1,"featured_media":0,"parent":0,"menu_order":0,"comment_status":"closed","ping_status":"closed","template":"","meta":{"_seopress_robots_primary_cat":"","_seopress_titles_title":"","_seopress_titles_desc":"","_seopress_robots_index":"","footnotes":""},"class_list":["post-4887","page","type-page","status-publish","hentry"],"_links":{"self":[{"href":"https:\/\/dev.laerkeegefjord.dk\/wordpress\/wp-json\/wp\/v2\/pages\/4887","targetHints":{"allow":["GET"]}}],"collection":[{"href":"https:\/\/dev.laerkeegefjord.dk\/wordpress\/wp-json\/wp\/v2\/pages"}],"about":[{"href":"https:\/\/dev.laerkeegefjord.dk\/wordpress\/wp-json\/wp\/v2\/types\/page"}],"author":[{"embeddable":true,"href":"https:\/\/dev.laerkeegefjord.dk\/wordpress\/wp-json\/wp\/v2\/users\/1"}],"replies":[{"embeddable":true,"href":"https:\/\/dev.laerkeegefjord.dk\/wordpress\/wp-json\/wp\/v2\/comments?post=4887"}],"version-history":[{"count":3,"href":"https:\/\/dev.laerkeegefjord.dk\/wordpress\/wp-json\/wp\/v2\/pages\/4887\/revisions"}],"predecessor-version":[{"id":4929,"href":"https:\/\/dev.laerkeegefjord.dk\/wordpress\/wp-json\/wp\/v2\/pages\/4887\/revisions\/4929"}],"wp:attachment":[{"href":"https:\/\/dev.laerkeegefjord.dk\/wordpress\/wp-json\/wp\/v2\/media?parent=4887"}],"curies":[{"name":"wp","href":"https:\/\/api.w.org\/{rel}","templated":true}]}}